{"id":84,"date":"2025-04-27T16:12:27","date_gmt":"2025-04-27T14:12:27","guid":{"rendered":"https:\/\/www.x-on.it\/?page_id=84"},"modified":"2025-06-28T18:25:52","modified_gmt":"2025-06-28T16:25:52","slug":"settori-industriali","status":"publish","type":"page","link":"https:\/\/www.x-on.it\/?page_id=84","title":{"rendered":"Soluzioni"},"content":{"rendered":"<p><section id=\"bt_section69df0edd8dc68\"  class=\"boldSection topSmallSpaced bottomSmallSpaced gutter boxed inherit\" ><div class=\"port\"><div class=\"boldCell\"><div class=\"boldCellInner\"><div class=\"boldRow \" ><div class=\"boldRowInner\"><div class=\"rowItem col-md-12 col-ms-12  btTextLeft\"  data-width=\"12\"><div class=\"rowItemContent\" ><div class=\"btText\" ><\/p>\n<h2>Servizi<\/h2>\n<p>\n<\/div><div class=\"btText\" ><\/div><\/div><\/div><\/div><\/div><\/div><\/div><\/div><\/section><section id=\"bt_section69df0edd8dec3\"  class=\"boldSection bottomSemiSpaced gutter boxed inherit\" ><div class=\"port\"><div class=\"boldCell\"><div class=\"boldCellInner\"><div class=\"boldRow \" ><div class=\"boldRowInner\"><div class=\"rowItem col-md-8 col-ms-12 btTextLeft\"  data-width=\"8\"><div class=\"rowItemContent\" ><div class=\"btText\" ><\/p>\n<h3><b>X-On quadri elettrici e automazione industriale<\/b><\/h3>\n<p>Dal 2003\u00a0 software, quadri elettrici e collaudi tutto in un unico partner, integrando PLC SIEMENS, HMI, SCADA e Motion Control.<br \/>\nOperiamo in Italia e all\u2019estero, fornendo quadri elettrici<br \/>\naffidabili cablati e collaudati nella nostra sede.<\/p>\n<p>\n<\/div><\/div><\/div><div class=\"rowItem col-md-4 col-ms-12 btTextLeft\"  data-width=\"4\"><div class=\"rowItemContent\" ><div class=\"bpgPhoto btDefaultHoverType\" ><div class = \"btImage\"><img decoding=\"async\" src=\"https:\/\/www.x-on.it\/wp-content\/uploads\/2025\/06\/slide_servizi_1.png\" alt=\"\" title=\"\"><\/div><\/div><\/div><\/div><\/div><\/div><\/div><\/div><\/div><\/section><section id=\"bt_section69df0edd8e799\"  class=\"boldSection bottomSemiSpaced gutter boxed inherit\" ><div class=\"port\"><div class=\"boldCell\"><div class=\"boldCellInner\"><div class=\"boldRow \" ><div class=\"boldRowInner\"><div class=\"rowItem col-md-12 col-ms-12  btTextLeft\"  data-width=\"12\"><div class=\"rowItemContent\" ><div class=\"btText\" ><\/p>\n<h3><b>Diamo energia al controllo e Dominio alla tua produzione<\/b><\/h3>\n<p>Le nostre soluzioni PLC e interfacce si basano su un metodo organizzato con funzioni e librerie collaudate, questo assicura sviluppo rapido e affidabile. Ogni progetto include un&#8217;integrazione mirata, pensata per la macchina e il processo specifico.<\/p>\n<p>Le nuove tecnologie e l\u2019intelligenza artificiale stanno gi\u00e0 potenziando il nostro nuovo concetto di Full Control per i nuovi processi produttivi.<\/p>\n<p>\n<\/div><\/div><\/div><\/div><\/div><\/div><\/div><\/div><\/section><section id=\"bt_section69df0edd8ea14\"  class=\"boldSection bottomSemiSpaced gutter boxed inherit\" ><div class=\"port\"><div class=\"boldCell\"><div class=\"boldCellInner\"><div class=\"boldRow \" ><div class=\"boldRowInner\"><div class=\"rowItem col-md-8 col-ms-12 btTextLeft\"  data-width=\"8\"><div class=\"rowItemContent\" ><div class=\"btText\" ><\/p>\n<h3><b>Fin dall\u2019inizio, l&#8217;obiettivo \u00e8 chiaro<\/b><\/h3>\n<p>Quando la macchina rispetta pienamente le performance promesse, il cliente percepisce immediatamente il valore dell&#8217;investimento che si ripaga in tempi rapidi e genera fiducia, aprendo la strada a nuove opportunit\u00e0 di business.<\/p>\n<p>\n<\/div><\/div><\/div><div class=\"rowItem col-md-4 col-ms-12 btTextLeft\"  data-width=\"4\"><div class=\"rowItemContent\" ><div class=\"bpgPhoto btDefaultHoverType\" ><div class = \"btImage\"><img decoding=\"async\" src=\"https:\/\/www.x-on.it\/wp-content\/uploads\/2025\/06\/slide_servizi_2.png\" alt=\"\" title=\"\"><\/div><\/div><\/div><\/div><\/div><\/div><\/div><\/div><\/div><\/section><section id=\"bt_section69df0edd8f29f\"  class=\"boldSection bottomSemiSpaced gutter boxed inherit\" ><div class=\"port\"><div class=\"boldCell\"><div class=\"boldCellInner\"><div class=\"boldRow \" ><div class=\"boldRowInner\"><div class=\"rowItem col-md-12 col-ms-12  btTextLeft\"  data-width=\"12\"><div class=\"rowItemContent\" ><div class=\"btText\" ><\/p>\n<h3><b>La nostra missione<\/b><\/h3>\n<p>In ogni progetto, puntiamo a un obiettivo semplice ma essenziale: garantire che le macchine funzionino perfettamente, senza errori e con il minimo bisogno di assistenza post-vendita.<\/p>\n<p>L&#8217;operatore \u00e8 guidato in tutte le fasi del processo e la manutenzione \u00e8 predittiva e potenziata con interfacce pi\u00f9 interattive.<\/p>\n<p>\n<\/div><\/div><\/div><\/div><\/div><\/div><\/div><\/div><\/section><\/p>\n","protected":false},"excerpt":{"rendered":"","protected":false},"author":1,"featured_media":0,"parent":0,"menu_order":0,"comment_status":"closed","ping_status":"closed","template":"","meta":{"footnotes":""},"class_list":["post-84","page","type-page","status-publish","hentry"],"_links":{"self":[{"href":"https:\/\/www.x-on.it\/index.php?rest_route=\/wp\/v2\/pages\/84","targetHints":{"allow":["GET"]}}],"collection":[{"href":"https:\/\/www.x-on.it\/index.php?rest_route=\/wp\/v2\/pages"}],"about":[{"href":"https:\/\/www.x-on.it\/index.php?rest_route=\/wp\/v2\/types\/page"}],"author":[{"embeddable":true,"href":"https:\/\/www.x-on.it\/index.php?rest_route=\/wp\/v2\/users\/1"}],"replies":[{"embeddable":true,"href":"https:\/\/www.x-on.it\/index.php?rest_route=%2Fwp%2Fv2%2Fcomments&post=84"}],"version-history":[{"count":7,"href":"https:\/\/www.x-on.it\/index.php?rest_route=\/wp\/v2\/pages\/84\/revisions"}],"predecessor-version":[{"id":248,"href":"https:\/\/www.x-on.it\/index.php?rest_route=\/wp\/v2\/pages\/84\/revisions\/248"}],"wp:attachment":[{"href":"https:\/\/www.x-on.it\/index.php?rest_route=%2Fwp%2Fv2%2Fmedia&parent=84"}],"curies":[{"name":"wp","href":"https:\/\/api.w.org\/{rel}","templated":true}]}}